{"id":112,"date":"2024-02-23T21:30:18","date_gmt":"2024-02-23T20:30:18","guid":{"rendered":"https:\/\/natiivo-fort-lauderdale.com\/?page_id=112"},"modified":"2024-02-28T20:40:59","modified_gmt":"2024-02-28T19:40:59","slug":"precios","status":"publish","type":"page","link":"https:\/\/natiivo-fort-lauderdale.com\/en\/prices\/","title":{"rendered":"Prices"},"content":{"rendered":"<div data-elementor-type=\"wp-page\" data-elementor-id=\"112\" class=\"elementor elementor-112\" data-elementor-post-type=\"page\">\n\t\t\t\t<div class=\"elementor-element elementor-element-b95a7db e-flex e-con-boxed e-con e-parent\" data-id=\"b95a7db\" data-element_type=\"container\">\n\t\t\t\t\t<div class=\"e-con-inner\">\n\t\t\t\t<div class=\"elementor-element elementor-element-74d4368 natiivo-ul elementor-widget__width-initial elementor-widget elementor-widget-text-editor\" data-id=\"74d4368\" data-element_type=\"widget\" data-widget_type=\"text-editor.default\">\n\t\t\t\t<div class=\"elementor-widget-container\">\n\t\t\t\t\t\t\t\t\t<p>All prices are subject to change at any time without notice and do not include optional features or premiums for upgraded units. Please check with the sales center for the most current pricing.<\/p>\t\t\t\t\t\t\t\t<\/div>\n\t\t\t\t<\/div>\n\t\t\t\t\t<\/div>\n\t\t\t\t<\/div>\n\t\t<div class=\"elementor-element elementor-element-a416db4 e-flex e-con-boxed e-con e-parent\" data-id=\"a416db4\" data-element_type=\"container\">\n\t\t\t\t\t<div class=\"e-con-inner\">\n\t\t\t\t<div class=\"elementor-element elementor-element-7b79a2b elementor-widget elementor-widget-shortcode\" data-id=\"7b79a2b\" data-element_type=\"widget\" data-widget_type=\"shortcode.default\">\n\t\t\t\t<div class=\"elementor-widget-container\">\n\t\t\t\t\t\t\t<div class=\"elementor-shortcode\"><\/div>\n\t\t\t\t\t\t<\/div>\n\t\t\t\t<\/div>\n\t\t\t\t\t<\/div>\n\t\t\t\t<\/div>\n\t\t\t\t<\/div>","protected":false},"excerpt":{"rendered":"<p>All prices are subject to change at any time without notice and do not include optional features or premiums for upgraded units. Please check with the sales center for the most current pricing.<\/p>","protected":false},"author":1,"featured_media":0,"parent":0,"menu_order":0,"comment_status":"closed","ping_status":"closed","template":"","meta":{"_acf_changed":false,"inline_featured_image":false,"footnotes":"","_joinchat":[]},"acf":[],"yoast_head":"<!-- This site is optimized with the Yoast SEO plugin v23.5 - https:\/\/yoast.com\/wordpress\/plugins\/seo\/ -->\n<title>Precios - Natiivo Fort Lauderdale<\/title>\n<meta name=\"robots\" content=\"index, follow, max-snippet:-1, max-image-preview:large, max-video-preview:-1\" \/>\n<link rel=\"canonical\" href=\"https:\/\/natiivo-fort-lauderdale.com\/en\/prices\/\" \/>\n<meta property=\"og:locale\" content=\"en_US\" \/>\n<meta property=\"og:type\" content=\"article\" \/>\n<meta property=\"og:title\" content=\"Precios - Natiivo Fort Lauderdale\" \/>\n<meta property=\"og:description\" content=\"Todos los precios est\u00e1n sujetos a cambios en cualquier momento y sin previo aviso, y no incluyen caracter\u00edsticas opcionales ni primas para unidades mejoradas. Consulte con el centro de ventas los precios m\u00e1s actualizados.\" \/>\n<meta property=\"og:url\" content=\"https:\/\/natiivo-fort-lauderdale.com\/en\/prices\/\" \/>\n<meta property=\"og:site_name\" content=\"Natiivo Fort Lauderdale\" \/>\n<meta property=\"article:modified_time\" content=\"2024-02-28T19:40:59+00:00\" \/>\n<meta name=\"twitter:card\" content=\"summary_large_image\" \/>\n<meta name=\"twitter:label1\" content=\"Est. reading time\" \/>\n\t<meta name=\"twitter:data1\" content=\"1 minute\" \/>\n<script type=\"application\/ld+json\" class=\"yoast-schema-graph\">{\"@context\":\"https:\/\/schema.org\",\"@graph\":[{\"@type\":\"WebPage\",\"@id\":\"https:\/\/natiivo-fort-lauderdale.com\/precios\/\",\"url\":\"https:\/\/natiivo-fort-lauderdale.com\/precios\/\",\"name\":\"Precios - Natiivo Fort Lauderdale\",\"isPartOf\":{\"@id\":\"https:\/\/natiivo-fort-lauderdale.com\/#website\"},\"datePublished\":\"2024-02-23T20:30:18+00:00\",\"dateModified\":\"2024-02-28T19:40:59+00:00\",\"breadcrumb\":{\"@id\":\"https:\/\/natiivo-fort-lauderdale.com\/precios\/#breadcrumb\"},\"inLanguage\":\"en-US\",\"potentialAction\":[{\"@type\":\"ReadAction\",\"target\":[\"https:\/\/natiivo-fort-lauderdale.com\/precios\/\"]}]},{\"@type\":\"BreadcrumbList\",\"@id\":\"https:\/\/natiivo-fort-lauderdale.com\/precios\/#breadcrumb\",\"itemListElement\":[{\"@type\":\"ListItem\",\"position\":1,\"name\":\"Home\",\"item\":\"https:\/\/natiivo-fort-lauderdale.com\/\"},{\"@type\":\"ListItem\",\"position\":2,\"name\":\"Precios\"}]},{\"@type\":\"WebSite\",\"@id\":\"https:\/\/natiivo-fort-lauderdale.com\/#website\",\"url\":\"https:\/\/natiivo-fort-lauderdale.com\/\",\"name\":\"Natiivo Fort Lauderdale\",\"description\":\"\",\"potentialAction\":[{\"@type\":\"SearchAction\",\"target\":{\"@type\":\"EntryPoint\",\"urlTemplate\":\"https:\/\/natiivo-fort-lauderdale.com\/?s={search_term_string}\"},\"query-input\":{\"@type\":\"PropertyValueSpecification\",\"valueRequired\":true,\"valueName\":\"search_term_string\"}}],\"inLanguage\":\"en-US\"}]}<\/script>\n<!-- \/ Yoast SEO plugin. -->","yoast_head_json":{"title":"Precios - Natiivo Fort Lauderdale","robots":{"index":"index","follow":"follow","max-snippet":"max-snippet:-1","max-image-preview":"max-image-preview:large","max-video-preview":"max-video-preview:-1"},"canonical":"https:\/\/natiivo-fort-lauderdale.com\/en\/prices\/","og_locale":"en_US","og_type":"article","og_title":"Precios - Natiivo Fort Lauderdale","og_description":"Todos los precios est\u00e1n sujetos a cambios en cualquier momento y sin previo aviso, y no incluyen caracter\u00edsticas opcionales ni primas para unidades mejoradas. Consulte con el centro de ventas los precios m\u00e1s actualizados.","og_url":"https:\/\/natiivo-fort-lauderdale.com\/en\/prices\/","og_site_name":"Natiivo Fort Lauderdale","article_modified_time":"2024-02-28T19:40:59+00:00","twitter_card":"summary_large_image","twitter_misc":{"Est. reading time":"1 minute"},"schema":{"@context":"https:\/\/schema.org","@graph":[{"@type":"WebPage","@id":"https:\/\/natiivo-fort-lauderdale.com\/precios\/","url":"https:\/\/natiivo-fort-lauderdale.com\/precios\/","name":"Precios - Natiivo Fort Lauderdale","isPartOf":{"@id":"https:\/\/natiivo-fort-lauderdale.com\/#website"},"datePublished":"2024-02-23T20:30:18+00:00","dateModified":"2024-02-28T19:40:59+00:00","breadcrumb":{"@id":"https:\/\/natiivo-fort-lauderdale.com\/precios\/#breadcrumb"},"inLanguage":"en-US","potentialAction":[{"@type":"ReadAction","target":["https:\/\/natiivo-fort-lauderdale.com\/precios\/"]}]},{"@type":"BreadcrumbList","@id":"https:\/\/natiivo-fort-lauderdale.com\/precios\/#breadcrumb","itemListElement":[{"@type":"ListItem","position":1,"name":"Home","item":"https:\/\/natiivo-fort-lauderdale.com\/"},{"@type":"ListItem","position":2,"name":"Precios"}]},{"@type":"WebSite","@id":"https:\/\/natiivo-fort-lauderdale.com\/#website","url":"https:\/\/natiivo-fort-lauderdale.com\/","name":"Natiivo Fort Lauderdale","description":"","potentialAction":[{"@type":"SearchAction","target":{"@type":"EntryPoint","urlTemplate":"https:\/\/natiivo-fort-lauderdale.com\/?s={search_term_string}"},"query-input":{"@type":"PropertyValueSpecification","valueRequired":true,"valueName":"search_term_string"}}],"inLanguage":"en-US"}]}},"_links":{"self":[{"href":"https:\/\/natiivo-fort-lauderdale.com\/en\/wp-json\/wp\/v2\/pages\/112"}],"collection":[{"href":"https:\/\/natiivo-fort-lauderdale.com\/en\/wp-json\/wp\/v2\/pages"}],"about":[{"href":"https:\/\/natiivo-fort-lauderdale.com\/en\/wp-json\/wp\/v2\/types\/page"}],"author":[{"embeddable":true,"href":"https:\/\/natiivo-fort-lauderdale.com\/en\/wp-json\/wp\/v2\/users\/1"}],"replies":[{"embeddable":true,"href":"https:\/\/natiivo-fort-lauderdale.com\/en\/wp-json\/wp\/v2\/comments?post=112"}],"version-history":[{"count":38,"href":"https:\/\/natiivo-fort-lauderdale.com\/en\/wp-json\/wp\/v2\/pages\/112\/revisions"}],"predecessor-version":[{"id":584,"href":"https:\/\/natiivo-fort-lauderdale.com\/en\/wp-json\/wp\/v2\/pages\/112\/revisions\/584"}],"wp:attachment":[{"href":"https:\/\/natiivo-fort-lauderdale.com\/en\/wp-json\/wp\/v2\/media?parent=112"}],"curies":[{"name":"wp","href":"https:\/\/api.w.org\/{rel}","templated":true}]}}