{"id":116,"date":"2024-02-23T21:30:42","date_gmt":"2024-02-23T20:30:42","guid":{"rendered":"https:\/\/natiivo-fort-lauderdale.com\/?page_id=116"},"modified":"2024-02-27T21:58:47","modified_gmt":"2024-02-27T20:58:47","slug":"amenidades","status":"publish","type":"page","link":"https:\/\/natiivo-fort-lauderdale.com\/en\/amenities\/","title":{"rendered":"Amenities"},"content":{"rendered":"<div data-elementor-type=\"wp-page\" data-elementor-id=\"116\" class=\"elementor elementor-116\" data-elementor-post-type=\"page\">\n\t\t\t\t<div class=\"elementor-element elementor-element-7f0c8e1 e-flex e-con-boxed e-con e-parent\" data-id=\"7f0c8e1\" data-element_type=\"container\">\n\t\t\t\t\t<div class=\"e-con-inner\">\n\t\t\t\t\t<\/div>\n\t\t\t\t<\/div>\n\t\t<div class=\"elementor-element elementor-element-9ff7ccb e-flex e-con-boxed e-con e-parent\" data-id=\"9ff7ccb\" data-element_type=\"container\">\n\t\t\t\t\t<div class=\"e-con-inner\">\n\t\t<div class=\"elementor-element elementor-element-417d144 e-con-full e-flex e-con e-child\" data-id=\"417d144\" data-element_type=\"container\">\n\t\t\t\t<div class=\"elementor-element elementor-element-d3f5421 elementor-widget elementor-widget-image\" data-id=\"d3f5421\" data-element_type=\"widget\" data-widget_type=\"image.default\">\n\t\t\t\t<div class=\"elementor-widget-container\">\n\t\t\t\t\t\t\t\t\t\t\t\t\t\t\t<img fetchpriority=\"high\" decoding=\"async\" width=\"555\" height=\"578\" src=\"https:\/\/natiivo-fort-lauderdale.com\/wp-content\/uploads\/sites\/3\/2024\/02\/img241.jpg\" class=\"attachment-medium_large size-medium_large wp-image-560\" alt=\"\" srcset=\"https:\/\/natiivo-fort-lauderdale.com\/wp-content\/uploads\/sites\/3\/2024\/02\/img241.jpg 555w, https:\/\/natiivo-fort-lauderdale.com\/wp-content\/uploads\/sites\/3\/2024\/02\/img241-288x300.jpg 288w, https:\/\/natiivo-fort-lauderdale.com\/wp-content\/uploads\/sites\/3\/2024\/02\/img241-12x12.jpg 12w\" sizes=\"(max-width: 555px) 100vw, 555px\" \/>\t\t\t\t\t\t\t\t\t\t\t\t\t\t\t<\/div>\n\t\t\t\t<\/div>\n\t\t\t\t<\/div>\n\t\t<div class=\"elementor-element elementor-element-9fcce61 e-con-full e-flex e-con e-child\" data-id=\"9fcce61\" data-element_type=\"container\">\n\t\t\t\t<div class=\"elementor-element elementor-element-1da99ca elementor-widget elementor-widget-heading\" data-id=\"1da99ca\" data-element_type=\"widget\" data-widget_type=\"heading.default\">\n\t\t\t\t<div class=\"elementor-widget-container\">\n\t\t\t\t\t<h2 class=\"elementor-heading-title elementor-size-default\">The Splash<\/h2>\t\t\t\t<\/div>\n\t\t\t\t<\/div>\n\t\t\t\t<div class=\"elementor-element elementor-element-d0774ca natiivo-ul elementor-widget elementor-widget-text-editor\" data-id=\"d0774ca\" data-element_type=\"widget\" data-widget_type=\"text-editor.default\">\n\t\t\t\t<div class=\"elementor-widget-container\">\n\t\t\t\t\t\t\t\t\t<p>An outdoor pool area that will captivate you with its exquisite design and lush tropical ambiance. Imagine yourself relaxing poolside, surrounded by an elegant and carefully designed deck. The space is designed for you to enjoy moments of tranquility and fun in the sun. Immerse yourself in our crystal clear waters and soak in the serenity that this tropical oasis has to offer. Whether you are looking for a place to sunbathe, cool off or simply enjoy the beauty of the surroundings, it is the perfect place where you can escape from the daily routine and immerse yourself in an atmosphere of luxury and relaxation.<\/p>\t\t\t\t\t\t\t\t<\/div>\n\t\t\t\t<\/div>\n\t\t\t\t<\/div>\n\t\t\t\t\t<\/div>\n\t\t\t\t<\/div>\n\t\t<div class=\"elementor-element elementor-element-9b0b5d1 e-flex e-con-boxed e-con e-parent\" data-id=\"9b0b5d1\" data-element_type=\"container\">\n\t\t\t\t\t<div class=\"e-con-inner\">\n\t\t<div class=\"elementor-element elementor-element-b54576d e-con-full e-flex e-con e-child\" data-id=\"b54576d\" data-element_type=\"container\">\n\t\t\t\t<div class=\"elementor-element elementor-element-ea4e2b8 elementor-widget elementor-widget-heading\" data-id=\"ea4e2b8\" data-element_type=\"widget\" data-widget_type=\"heading.default\">\n\t\t\t\t<div class=\"elementor-widget-container\">\n\t\t\t\t\t<h2 class=\"elementor-heading-title elementor-size-default\">Natiivo Social<\/h2>\t\t\t\t<\/div>\n\t\t\t\t<\/div>\n\t\t\t\t<div class=\"elementor-element elementor-element-3ce6d2c natiivo-ul elementor-widget elementor-widget-text-editor\" data-id=\"3ce6d2c\" data-element_type=\"widget\" data-widget_type=\"text-editor.default\">\n\t\t\t\t<div class=\"elementor-widget-container\">\n\t\t\t\t\t\t\t\t\t<p>The perfect place to delight your senses and immerse yourself in a unique dining experience. With an exceptional culinary offer that will transport you to a world of authentic flavors. In a vibrant and lively atmosphere, you can enjoy a romantic dinner, a meeting with friends or simply have a good time while indulging in the pleasures of good food and good company. Each visit becomes an unforgettable dining experience, where your senses will be captivated and your palate delighted.<\/p>\t\t\t\t\t\t\t\t<\/div>\n\t\t\t\t<\/div>\n\t\t\t\t<\/div>\n\t\t<div class=\"elementor-element elementor-element-d2267a0 e-con-full e-flex e-con e-child\" data-id=\"d2267a0\" data-element_type=\"container\">\n\t\t\t\t<div class=\"elementor-element elementor-element-d880be6 elementor-widget elementor-widget-image\" data-id=\"d880be6\" data-element_type=\"widget\" data-widget_type=\"image.default\">\n\t\t\t\t<div class=\"elementor-widget-container\">\n\t\t\t\t\t\t\t\t\t\t\t\t\t\t\t<img decoding=\"async\" width=\"800\" height=\"808\" src=\"https:\/\/natiivo-fort-lauderdale.com\/wp-content\/uploads\/sites\/3\/2024\/02\/img126-1-1014x1024.jpg\" class=\"attachment-large size-large wp-image-557\" alt=\"\" srcset=\"https:\/\/natiivo-fort-lauderdale.com\/wp-content\/uploads\/sites\/3\/2024\/02\/img126-1-1014x1024.jpg 1014w, https:\/\/natiivo-fort-lauderdale.com\/wp-content\/uploads\/sites\/3\/2024\/02\/img126-1-297x300.jpg 297w, https:\/\/natiivo-fort-lauderdale.com\/wp-content\/uploads\/sites\/3\/2024\/02\/img126-1-768x776.jpg 768w, https:\/\/natiivo-fort-lauderdale.com\/wp-content\/uploads\/sites\/3\/2024\/02\/img126-1-1521x1536.jpg 1521w, https:\/\/natiivo-fort-lauderdale.com\/wp-content\/uploads\/sites\/3\/2024\/02\/img126-1-12x12.jpg 12w, https:\/\/natiivo-fort-lauderdale.com\/wp-content\/uploads\/sites\/3\/2024\/02\/img126-1.jpg 1600w\" sizes=\"(max-width: 800px) 100vw, 800px\" \/>\t\t\t\t\t\t\t\t\t\t\t\t\t\t\t<\/div>\n\t\t\t\t<\/div>\n\t\t\t\t<\/div>\n\t\t\t\t\t<\/div>\n\t\t\t\t<\/div>\n\t\t<div class=\"elementor-element elementor-element-2a04340 e-flex e-con-boxed e-con e-parent\" data-id=\"2a04340\" data-element_type=\"container\">\n\t\t\t\t\t<div class=\"e-con-inner\">\n\t\t<div class=\"elementor-element elementor-element-ee36a1f e-con-full e-flex e-con e-child\" data-id=\"ee36a1f\" data-element_type=\"container\">\n\t\t\t\t<div class=\"elementor-element elementor-element-15f901a elementor-widget elementor-widget-image\" data-id=\"15f901a\" data-element_type=\"widget\" data-widget_type=\"image.default\">\n\t\t\t\t<div class=\"elementor-widget-container\">\n\t\t\t\t\t\t\t\t\t\t\t\t\t\t\t<img decoding=\"async\" width=\"408\" height=\"437\" src=\"https:\/\/natiivo-fort-lauderdale.com\/wp-content\/uploads\/sites\/3\/2024\/02\/img256.jpg\" class=\"attachment-large size-large wp-image-558\" alt=\"\" srcset=\"https:\/\/natiivo-fort-lauderdale.com\/wp-content\/uploads\/sites\/3\/2024\/02\/img256.jpg 408w, https:\/\/natiivo-fort-lauderdale.com\/wp-content\/uploads\/sites\/3\/2024\/02\/img256-280x300.jpg 280w, https:\/\/natiivo-fort-lauderdale.com\/wp-content\/uploads\/sites\/3\/2024\/02\/img256-11x12.jpg 11w\" sizes=\"(max-width: 408px) 100vw, 408px\" \/>\t\t\t\t\t\t\t\t\t\t\t\t\t\t\t<\/div>\n\t\t\t\t<\/div>\n\t\t\t\t<\/div>\n\t\t<div class=\"elementor-element elementor-element-4b5af36 e-con-full e-flex e-con e-child\" data-id=\"4b5af36\" data-element_type=\"container\">\n\t\t\t\t<div class=\"elementor-element elementor-element-cf3dbb2 elementor-widget elementor-widget-heading\" data-id=\"cf3dbb2\" data-element_type=\"widget\" data-widget_type=\"heading.default\">\n\t\t\t\t<div class=\"elementor-widget-container\">\n\t\t\t\t\t<h2 class=\"elementor-heading-title elementor-size-default\">The fit<\/h2>\t\t\t\t<\/div>\n\t\t\t\t<\/div>\n\t\t\t\t<div class=\"elementor-element elementor-element-639165c natiivo-ul elementor-widget elementor-widget-text-editor\" data-id=\"639165c\" data-element_type=\"widget\" data-widget_type=\"text-editor.default\">\n\t\t\t\t<div class=\"elementor-widget-container\">\n\t\t\t\t\t\t\t\t\t<p>A modern gym designed to help you reach your fitness goals. Here you will find a wide range of state-of-the-art equipment and dedicated spaces for different types of training. We focus on providing you with a complete wellness experience, where we take care of both your body and your mind.<\/p>\t\t\t\t\t\t\t\t<\/div>\n\t\t\t\t<\/div>\n\t\t\t\t<\/div>\n\t\t\t\t\t<\/div>\n\t\t\t\t<\/div>\n\t\t<div class=\"elementor-element elementor-element-7d22d94 e-flex e-con-boxed e-con e-parent\" data-id=\"7d22d94\" data-element_type=\"container\">\n\t\t\t\t\t<div class=\"e-con-inner\">\n\t\t<div class=\"elementor-element elementor-element-33c4d14 e-con-full e-flex e-con e-child\" data-id=\"33c4d14\" data-element_type=\"container\">\n\t\t\t\t<div class=\"elementor-element elementor-element-aeb643c elementor-widget elementor-widget-heading\" data-id=\"aeb643c\" data-element_type=\"widget\" data-widget_type=\"heading.default\">\n\t\t\t\t<div class=\"elementor-widget-container\">\n\t\t\t\t\t<h2 class=\"elementor-heading-title elementor-size-default\">the work<\/h2>\t\t\t\t<\/div>\n\t\t\t\t<\/div>\n\t\t\t\t<div class=\"elementor-element elementor-element-bda3b04 natiivo-ul elementor-widget elementor-widget-text-editor\" data-id=\"bda3b04\" data-element_type=\"widget\" data-widget_type=\"text-editor.default\">\n\t\t\t\t<div class=\"elementor-widget-container\">\n\t\t\t\t\t\t\t\t\t<p>A co-working space carefully designed to foster creativity, collaboration and connection between professionals from different fields. Here you will find a welcoming and modern environment, equipped with all the amenities necessary for you to develop your projects and achieve your professional goals. Whether you need a quiet place to concentrate or are looking for the inspiration that comes from interacting with other professionals.<\/p>\t\t\t\t\t\t\t\t<\/div>\n\t\t\t\t<\/div>\n\t\t\t\t<\/div>\n\t\t<div class=\"elementor-element elementor-element-c3132f3 e-con-full e-flex e-con e-child\" data-id=\"c3132f3\" data-element_type=\"container\">\n\t\t\t\t<div class=\"elementor-element elementor-element-ab48591 elementor-widget elementor-widget-image\" data-id=\"ab48591\" data-element_type=\"widget\" data-widget_type=\"image.default\">\n\t\t\t\t<div class=\"elementor-widget-container\">\n\t\t\t\t\t\t\t\t\t\t\t\t\t\t\t<img loading=\"lazy\" decoding=\"async\" width=\"793\" height=\"1024\" src=\"https:\/\/natiivo-fort-lauderdale.com\/wp-content\/uploads\/sites\/3\/2024\/02\/img136-793x1024.jpg\" class=\"attachment-large size-large wp-image-559\" alt=\"\" srcset=\"https:\/\/natiivo-fort-lauderdale.com\/wp-content\/uploads\/sites\/3\/2024\/02\/img136-793x1024.jpg 793w, https:\/\/natiivo-fort-lauderdale.com\/wp-content\/uploads\/sites\/3\/2024\/02\/img136-232x300.jpg 232w, https:\/\/natiivo-fort-lauderdale.com\/wp-content\/uploads\/sites\/3\/2024\/02\/img136-768x992.jpg 768w, https:\/\/natiivo-fort-lauderdale.com\/wp-content\/uploads\/sites\/3\/2024\/02\/img136-1190x1536.jpg 1190w, https:\/\/natiivo-fort-lauderdale.com\/wp-content\/uploads\/sites\/3\/2024\/02\/img136-1586x2048.jpg 1586w, https:\/\/natiivo-fort-lauderdale.com\/wp-content\/uploads\/sites\/3\/2024\/02\/img136-9x12.jpg 9w, https:\/\/natiivo-fort-lauderdale.com\/wp-content\/uploads\/sites\/3\/2024\/02\/img136-scaled.jpg 1983w\" sizes=\"(max-width: 793px) 100vw, 793px\" \/>\t\t\t\t\t\t\t\t\t\t\t\t\t\t\t<\/div>\n\t\t\t\t<\/div>\n\t\t\t\t<\/div>\n\t\t\t\t\t<\/div>\n\t\t\t\t<\/div>\n\t\t<div class=\"elementor-element elementor-element-f77448b e-flex e-con-boxed e-con e-parent\" data-id=\"f77448b\" data-element_type=\"container\">\n\t\t\t\t\t<div class=\"e-con-inner\">\n\t\t<div class=\"elementor-element elementor-element-858e2ae e-con-full e-flex e-con e-child\" data-id=\"858e2ae\" data-element_type=\"container\">\n\t\t\t\t<div class=\"elementor-element elementor-element-b4b767c elementor-widget elementor-widget-heading\" data-id=\"b4b767c\" data-element_type=\"widget\" data-widget_type=\"heading.default\">\n\t\t\t\t<div class=\"elementor-widget-container\">\n\t\t\t\t\t<h2 class=\"elementor-heading-title elementor-size-default\">Additional Services<\/h2>\t\t\t\t<\/div>\n\t\t\t\t<\/div>\n\t\t\t\t<div class=\"elementor-element elementor-element-738b7af natiivo-ul elementor-widget elementor-widget-text-editor\" data-id=\"738b7af\" data-element_type=\"widget\" data-widget_type=\"text-editor.default\">\n\t\t\t\t<div class=\"elementor-widget-container\">\n\t\t\t\t\t\t\t\t\t<ul><li>Masterhost<\/li><li>Natiivo management service<\/li><li>Cleaning service<\/li><li>VIP Services<\/li><li>Food and beverage<\/li><li>Natiivo Application<\/li><\/ul>\t\t\t\t\t\t\t\t<\/div>\n\t\t\t\t<\/div>\n\t\t\t\t<\/div>\n\t\t\t\t\t<\/div>\n\t\t\t\t<\/div>\n\t\t\t\t<\/div>","protected":false},"excerpt":{"rendered":"<p>The Splash An outdoor pool area that will captivate you with its exquisite design and lush tropical ambiance. Imagine yourself relaxing poolside, surrounded by an elegant and carefully designed deck. The space is designed for you to enjoy moments of tranquility and fun in the sun. Immerse yourself in our crystal clear [...]<\/p>","protected":false},"author":1,"featured_media":0,"parent":0,"menu_order":0,"comment_status":"closed","ping_status":"closed","template":"","meta":{"_acf_changed":false,"inline_featured_image":false,"footnotes":"","_joinchat":[]},"acf":[],"yoast_head":"<!-- This site is optimized with the Yoast SEO plugin v23.5 - https:\/\/yoast.com\/wordpress\/plugins\/seo\/ -->\n<title>Amenidades - Natiivo Fort Lauderdale<\/title>\n<meta name=\"robots\" content=\"index, follow, max-snippet:-1, max-image-preview:large, max-video-preview:-1\" \/>\n<link rel=\"canonical\" href=\"https:\/\/natiivo-fort-lauderdale.com\/en\/amenities\/\" \/>\n<meta property=\"og:locale\" content=\"en_US\" \/>\n<meta property=\"og:type\" content=\"article\" \/>\n<meta property=\"og:title\" content=\"Amenidades - Natiivo Fort Lauderdale\" \/>\n<meta property=\"og:description\" content=\"The Splash Una zona de piscina al aire libre que te cautivar\u00e1 con su dise\u00f1o exquisito y su ambiente tropical exuberante. Imag\u00ednate relaj\u00e1ndote junto a la piscina, rodeado de una cubierta elegante y cuidadosamente dise\u00f1ada. El espacio est\u00e1 pensado para que disfrutes de momentos de tranquilidad y diversi\u00f3n bajo el sol. Sum\u00e9rgete en nuestras cristalinas [&hellip;]\" \/>\n<meta property=\"og:url\" content=\"https:\/\/natiivo-fort-lauderdale.com\/en\/amenities\/\" \/>\n<meta property=\"og:site_name\" content=\"Natiivo Fort Lauderdale\" \/>\n<meta property=\"article:modified_time\" content=\"2024-02-27T20:58:47+00:00\" \/>\n<meta property=\"og:image\" content=\"https:\/\/natiivo-fort-lauderdale.com\/wp-content\/uploads\/sites\/3\/2024\/02\/img241.jpg\" \/>\n<meta name=\"twitter:card\" content=\"summary_large_image\" \/>\n<meta name=\"twitter:label1\" content=\"Est. reading time\" \/>\n\t<meta name=\"twitter:data1\" content=\"3 minutes\" \/>\n<script type=\"application\/ld+json\" class=\"yoast-schema-graph\">{\"@context\":\"https:\/\/schema.org\",\"@graph\":[{\"@type\":\"WebPage\",\"@id\":\"https:\/\/natiivo-fort-lauderdale.com\/amenidades\/\",\"url\":\"https:\/\/natiivo-fort-lauderdale.com\/amenidades\/\",\"name\":\"Amenidades - Natiivo Fort Lauderdale\",\"isPartOf\":{\"@id\":\"https:\/\/natiivo-fort-lauderdale.com\/#website\"},\"primaryImageOfPage\":{\"@id\":\"https:\/\/natiivo-fort-lauderdale.com\/amenidades\/#primaryimage\"},\"image\":{\"@id\":\"https:\/\/natiivo-fort-lauderdale.com\/amenidades\/#primaryimage\"},\"thumbnailUrl\":\"https:\/\/natiivo-fort-lauderdale.com\/wp-content\/uploads\/sites\/3\/2024\/02\/img241.jpg\",\"datePublished\":\"2024-02-23T20:30:42+00:00\",\"dateModified\":\"2024-02-27T20:58:47+00:00\",\"breadcrumb\":{\"@id\":\"https:\/\/natiivo-fort-lauderdale.com\/amenidades\/#breadcrumb\"},\"inLanguage\":\"en-US\",\"potentialAction\":[{\"@type\":\"ReadAction\",\"target\":[\"https:\/\/natiivo-fort-lauderdale.com\/amenidades\/\"]}]},{\"@type\":\"ImageObject\",\"inLanguage\":\"en-US\",\"@id\":\"https:\/\/natiivo-fort-lauderdale.com\/amenidades\/#primaryimage\",\"url\":\"https:\/\/natiivo-fort-lauderdale.com\/wp-content\/uploads\/sites\/3\/2024\/02\/img241.jpg\",\"contentUrl\":\"https:\/\/natiivo-fort-lauderdale.com\/wp-content\/uploads\/sites\/3\/2024\/02\/img241.jpg\"},{\"@type\":\"BreadcrumbList\",\"@id\":\"https:\/\/natiivo-fort-lauderdale.com\/amenidades\/#breadcrumb\",\"itemListElement\":[{\"@type\":\"ListItem\",\"position\":1,\"name\":\"Home\",\"item\":\"https:\/\/natiivo-fort-lauderdale.com\/\"},{\"@type\":\"ListItem\",\"position\":2,\"name\":\"Amenidades\"}]},{\"@type\":\"WebSite\",\"@id\":\"https:\/\/natiivo-fort-lauderdale.com\/#website\",\"url\":\"https:\/\/natiivo-fort-lauderdale.com\/\",\"name\":\"Natiivo Fort Lauderdale\",\"description\":\"\",\"potentialAction\":[{\"@type\":\"SearchAction\",\"target\":{\"@type\":\"EntryPoint\",\"urlTemplate\":\"https:\/\/natiivo-fort-lauderdale.com\/?s={search_term_string}\"},\"query-input\":{\"@type\":\"PropertyValueSpecification\",\"valueRequired\":true,\"valueName\":\"search_term_string\"}}],\"inLanguage\":\"en-US\"}]}<\/script>\n<!-- \/ Yoast SEO plugin. -->","yoast_head_json":{"title":"Amenidades - Natiivo Fort Lauderdale","robots":{"index":"index","follow":"follow","max-snippet":"max-snippet:-1","max-image-preview":"max-image-preview:large","max-video-preview":"max-video-preview:-1"},"canonical":"https:\/\/natiivo-fort-lauderdale.com\/en\/amenities\/","og_locale":"en_US","og_type":"article","og_title":"Amenidades - Natiivo Fort Lauderdale","og_description":"The Splash Una zona de piscina al aire libre que te cautivar\u00e1 con su dise\u00f1o exquisito y su ambiente tropical exuberante. Imag\u00ednate relaj\u00e1ndote junto a la piscina, rodeado de una cubierta elegante y cuidadosamente dise\u00f1ada. El espacio est\u00e1 pensado para que disfrutes de momentos de tranquilidad y diversi\u00f3n bajo el sol. Sum\u00e9rgete en nuestras cristalinas [&hellip;]","og_url":"https:\/\/natiivo-fort-lauderdale.com\/en\/amenities\/","og_site_name":"Natiivo Fort Lauderdale","article_modified_time":"2024-02-27T20:58:47+00:00","og_image":[{"url":"https:\/\/natiivo-fort-lauderdale.com\/wp-content\/uploads\/sites\/3\/2024\/02\/img241.jpg"}],"twitter_card":"summary_large_image","twitter_misc":{"Est. reading time":"3 minutes"},"schema":{"@context":"https:\/\/schema.org","@graph":[{"@type":"WebPage","@id":"https:\/\/natiivo-fort-lauderdale.com\/amenidades\/","url":"https:\/\/natiivo-fort-lauderdale.com\/amenidades\/","name":"Amenidades - Natiivo Fort Lauderdale","isPartOf":{"@id":"https:\/\/natiivo-fort-lauderdale.com\/#website"},"primaryImageOfPage":{"@id":"https:\/\/natiivo-fort-lauderdale.com\/amenidades\/#primaryimage"},"image":{"@id":"https:\/\/natiivo-fort-lauderdale.com\/amenidades\/#primaryimage"},"thumbnailUrl":"https:\/\/natiivo-fort-lauderdale.com\/wp-content\/uploads\/sites\/3\/2024\/02\/img241.jpg","datePublished":"2024-02-23T20:30:42+00:00","dateModified":"2024-02-27T20:58:47+00:00","breadcrumb":{"@id":"https:\/\/natiivo-fort-lauderdale.com\/amenidades\/#breadcrumb"},"inLanguage":"en-US","potentialAction":[{"@type":"ReadAction","target":["https:\/\/natiivo-fort-lauderdale.com\/amenidades\/"]}]},{"@type":"ImageObject","inLanguage":"en-US","@id":"https:\/\/natiivo-fort-lauderdale.com\/amenidades\/#primaryimage","url":"https:\/\/natiivo-fort-lauderdale.com\/wp-content\/uploads\/sites\/3\/2024\/02\/img241.jpg","contentUrl":"https:\/\/natiivo-fort-lauderdale.com\/wp-content\/uploads\/sites\/3\/2024\/02\/img241.jpg"},{"@type":"BreadcrumbList","@id":"https:\/\/natiivo-fort-lauderdale.com\/amenidades\/#breadcrumb","itemListElement":[{"@type":"ListItem","position":1,"name":"Home","item":"https:\/\/natiivo-fort-lauderdale.com\/"},{"@type":"ListItem","position":2,"name":"Amenidades"}]},{"@type":"WebSite","@id":"https:\/\/natiivo-fort-lauderdale.com\/#website","url":"https:\/\/natiivo-fort-lauderdale.com\/","name":"Natiivo Fort Lauderdale","description":"","potentialAction":[{"@type":"SearchAction","target":{"@type":"EntryPoint","urlTemplate":"https:\/\/natiivo-fort-lauderdale.com\/?s={search_term_string}"},"query-input":{"@type":"PropertyValueSpecification","valueRequired":true,"valueName":"search_term_string"}}],"inLanguage":"en-US"}]}},"_links":{"self":[{"href":"https:\/\/natiivo-fort-lauderdale.com\/en\/wp-json\/wp\/v2\/pages\/116"}],"collection":[{"href":"https:\/\/natiivo-fort-lauderdale.com\/en\/wp-json\/wp\/v2\/pages"}],"about":[{"href":"https:\/\/natiivo-fort-lauderdale.com\/en\/wp-json\/wp\/v2\/types\/page"}],"author":[{"embeddable":true,"href":"https:\/\/natiivo-fort-lauderdale.com\/en\/wp-json\/wp\/v2\/users\/1"}],"replies":[{"embeddable":true,"href":"https:\/\/natiivo-fort-lauderdale.com\/en\/wp-json\/wp\/v2\/comments?post=116"}],"version-history":[{"count":25,"href":"https:\/\/natiivo-fort-lauderdale.com\/en\/wp-json\/wp\/v2\/pages\/116\/revisions"}],"predecessor-version":[{"id":577,"href":"https:\/\/natiivo-fort-lauderdale.com\/en\/wp-json\/wp\/v2\/pages\/116\/revisions\/577"}],"wp:attachment":[{"href":"https:\/\/natiivo-fort-lauderdale.com\/en\/wp-json\/wp\/v2\/media?parent=116"}],"curies":[{"name":"wp","href":"https:\/\/api.w.org\/{rel}","templated":true}]}}